{"id":112,"date":"2026-04-06T14:13:49","date_gmt":"2026-04-06T14:13:49","guid":{"rendered":"http:\/\/joanadiz.com\/?page_id=112"},"modified":"2026-04-06T14:13:49","modified_gmt":"2026-04-06T14:13:49","slug":"leitura-intuitiva","status":"publish","type":"page","link":"https:\/\/joanadiz.com\/?page_id=112","title":{"rendered":"Leitura Intuitiva"},"content":{"rendered":"\n<p>Com a leitura tomamos uma maior consci\u00eancia e clareza dos nossos processos de vida, de forma a desbloquear e permitir um maior alinhamento com aquilo que \u00e9 a nossa verdadeira ess\u00eancia.<\/p>\n\n\n\n<p>A partir de um espa\u00e7o de Amparo e Amor, \u00e9 nos transmitida toda a informa\u00e7\u00e3o de que j\u00e1 estamos preparados para ouvir e receber, atrav\u00e9s de um lindo caminho que percorre os nossos 7 chacras principais.<\/p>\n\n\n\n<p>Podemos tamb\u00e9m viajar para vidas passadas para melhor compreender as causas, resgatar dons e m\u00e9ritos h\u00e1 muito adormecidos e ainda receber instru\u00e7\u00f5es pr\u00e1ticas de como mudar.<\/p>\n\n\n\n<p>LEITURA INTUITIVA ADULTOS<\/p>\n\n\n\n<p>&nbsp;Como funciona?<\/p>\n\n\n\n<p>Os dados necess\u00e1rios s\u00e3o o nome completo, data de nascimento, foto recente e, caso haja, alguma quest\u00e3o ou quest\u00f5es em espec\u00edfico necess\u00e1ria(s) de esclarecimento.&nbsp;Todo o processo \u00e9 gravado e enviado posteriormente por email.<\/p>\n\n\n\n<p>Em caso de oferta, \u00e9 criado um voucher enviado para o email da pessoa que pretende oferecer. Posteriormente, o pedido para a Leitura da Aura deve ser feito por quem recebeu e num prazo limite de 3 meses.&nbsp;<\/p>\n\n\n\n<p>Receber a Leitura Intuitiva \u00e0 dist\u00e2ncia \u00e9 o mesmo do que receber presencialmente?<\/p>\n\n\n\n<p>Este \u00e9 um servi\u00e7o de Alma, em que o meu papel \u00e9 ser a &#8220;ponte&#8221; entre o plano mais espiritual e o plano mais f\u00edsico. Sou instrumento e voz nas m\u00e3os dos guias espirituais que nos orientam e amparam, cumprindo o prop\u00f3sito divino de trazer uma maior consci\u00eancia e luz ao caminho de cada um.<\/p>\n\n\n\n<p>Todo o trabalho atua a um n\u00edvel energ\u00e9tico, do n\u00e3o vis\u00edvel, sendo sentido e experienciado por dimens\u00f5es e tempos outrora vividos. Este \u00e9 um plano que transcende a nossa dimens\u00e3o mais concreta, palp\u00e1vel e vis\u00edvel e, por isso&nbsp;n\u00e3o h\u00e1 qualquer necessidade ou diferen\u00e7a se estivermos fisicamente presentes.&nbsp;Tudo \u00e9 energia e o sentir ultrapassa toda e qualquer limita\u00e7\u00e3o de espa\u00e7o temporal.<br>Logo, o prop\u00f3sito \u00e9 sempre cumprido.<\/p>\n\n\n\n<p>Posso realizar a Leitura Intuitiva mais do que uma vez? Se sim, quando posso voltar a repetir?<\/p>\n\n\n\n<p>A Leitura Intuitiva \u00e9 sempre uma resposta ao momento atual da vida da pessoa, em que o seu campo energ\u00e9tico vai traduzir tudo aquilo que est\u00e1 a ser vivenciado no presente. Como a nossa energia e vida est\u00e1 em constante movimento (mesmo que muitas vezes possamos n\u00e3o sentir isso de forma consciente), a nossa vibra\u00e7\u00e3o e processos tamb\u00e9m v\u00e3o naturalmente alterando.<br>Logo,&nbsp;\u00e9 sempre poss\u00edvel sim realizar a Leitura Intuitiva mais do que uma vez, pois o que iremos receber e ouvir nos trar\u00e1 novas informa\u00e7\u00f5es. N\u00e3o h\u00e1 qualquer prazo ou data limite para voltarmos a repetir. Simplesmente sentimos o apelo do nosso cora\u00e7\u00e3o e pedimos.&nbsp;<\/p>\n\n\n\n<p>LEITURA INTUITIVA CRIAN\u00c7AS<\/p>\n\n\n\n<p>O processo de Leitura Intuitiva para crian\u00e7as \u00e9 diferente comparativamente aos adultos e varia consoante a idade em que a crian\u00e7a se encontra. Como os seus chacras (centros energ\u00e9ticos) ainda n\u00e3o est\u00e3o totalmente desenvolvidos, n\u00e3o haver\u00e1 uma leitura espec\u00edfica de cada um deles. S\u00e3o transmitidos os seus talentos e dificuldades de momento, onde quest\u00f5es c\u00e1rmicas de outras vidas s\u00e3o significativamente revelados pela sua idade precoce. Uma vez que os pedidos s\u00e3o naturalmente feitos pelos pais, s\u00e3o dadas instru\u00e7\u00f5es educacionais para um acolhimento mais consciente da crian\u00e7a no seio familiar.&nbsp;<\/p>\n\n\n\n<p>A Leitura Intuitiva feita a uma crian\u00e7a \u00e9 sempre dirigida aos pais\/ educadores, mas respeitando sempre o que a alma desta permite ser revelado. N\u00e3o querer saber para controlar ou mudar \u00e0 for\u00e7a, mas sim respeitando os seus processos de forma muito consciente e desperta, permitindo assim criar condi\u00e7\u00f5es mais favor\u00e1veis ao seu desenvolvimento e Amor.<\/p>\n\n\n\n<p>O principal prop\u00f3sito da Leitura Intuitiva para Crian\u00e7as visa promover uma parentalidade cada vez mais consciente e proporcionarmos um lar de amor e harmonia para acolher a crian\u00e7a que nos chega.<\/p>\n\n\n\n<p>\u2026 Que possamos viver as nossas vidas de forma cada vez mais desperta, aceitando sempre quem n\u00f3s somos com muito Amor&nbsp;e aproveitar ao m\u00e1ximo esta maravilhosa oportunidade de estarmos aqui na Terra\u2026<\/p>\n\n\n\n<p><\/p>\n","protected":false},"excerpt":{"rendered":"<p>Com a leitura tomamos uma maior consci\u00eancia e clareza dos nossos processos de vida, de forma a desbloquear e permitir um maior alinhamento com aquilo que \u00e9 a nossa verdadeira ess\u00eancia. A partir de um espa\u00e7o de Amparo e Amor, \u00e9 nos transmitida toda a informa\u00e7\u00e3o de que j\u00e1 estamos preparados para ouvir e receber, <a class=\"read-more\" href=\"https:\/\/joanadiz.com\/?page_id=112\">Read More<\/a><\/p>\n","protected":false},"author":1,"featured_media":0,"parent":0,"menu_order":0,"comment_status":"closed","ping_status":"closed","template":"","meta":{"footnotes":""},"class_list":["post-112","page","type-page","status-publish","hentry"],"_links":{"self":[{"href":"https:\/\/joanadiz.com\/index.php?rest_route=\/wp\/v2\/pages\/112","targetHints":{"allow":["GET"]}}],"collection":[{"href":"https:\/\/joanadiz.com\/index.php?rest_route=\/wp\/v2\/pages"}],"about":[{"href":"https:\/\/joanadiz.com\/index.php?rest_route=\/wp\/v2\/types\/page"}],"author":[{"embeddable":true,"href":"https:\/\/joanadiz.com\/index.php?rest_route=\/wp\/v2\/users\/1"}],"replies":[{"embeddable":true,"href":"https:\/\/joanadiz.com\/index.php?rest_route=%2Fwp%2Fv2%2Fcomments&post=112"}],"version-history":[{"count":1,"href":"https:\/\/joanadiz.com\/index.php?rest_route=\/wp\/v2\/pages\/112\/revisions"}],"predecessor-version":[{"id":113,"href":"https:\/\/joanadiz.com\/index.php?rest_route=\/wp\/v2\/pages\/112\/revisions\/113"}],"wp:attachment":[{"href":"https:\/\/joanadiz.com\/index.php?rest_route=%2Fwp%2Fv2%2Fmedia&parent=112"}],"curies":[{"name":"wp","href":"https:\/\/api.w.org\/{rel}","templated":true}]}}