{"id":120,"date":"2026-04-06T14:15:50","date_gmt":"2026-04-06T14:15:50","guid":{"rendered":"http:\/\/joanadiz.com\/?page_id=120"},"modified":"2026-04-19T19:24:36","modified_gmt":"2026-04-19T19:24:36","slug":"eventos","status":"publish","type":"page","link":"https:\/\/joanadiz.com\/?page_id=120","title":{"rendered":"EVENTOS"},"content":{"rendered":"\n<figure class=\"wp-block-table\"><table class=\"has-fixed-layout\"><tbody><tr><td><strong>RETIRO CONSTELA\u00c7\u00d5ES SIST\u00c9MICAS + CONCERTO TA\u00c7AS TIBETANAS<\/strong><br><strong>16 DE MAIO 10H &#8211; 19h<\/strong><br><strong>PENAMACOR<\/strong><br><\/td><\/tr><tr><td><br>Aproxima-se mais um novo retiro, no Moinho do Maneio em Penamacor, com enfoque especial nas\u00a0<strong>constela\u00e7\u00f5es sist\u00e9micas familiares.<\/strong>\u00a0Teremos tamb\u00e9m dois pilares de sustenta\u00e7\u00e3o muito importantes neste dia &#8211; a\u00a0<strong>alimenta\u00e7\u00e3o hol\u00edstica e o concerto de ta\u00e7as tibetanas.<\/strong><br><br>As Constela\u00e7\u00f5es Sist\u00e9micas Familiares \u00e9 uma abordagem que encara o sistema familiar como um campo de origem de poss\u00edveis bloqueios\/ dificuldades que possamos sentir no nosso caminho de vida, assim como dons\/ talentos ou m\u00e9ritos advindos da nossa ancestralidade. Todo e qualquer tema pode ser trabalhado atrav\u00e9s das constela\u00e7\u00f5es, onde tornamos consciente o que estava no invis\u00edvel. Neste retiro teremos a oportunidade de trabalhar temas espec\u00edficos que os participantes possam querer levar (sendo limitado ao per\u00edodo de tempo dispon\u00edvel).<br><br>Caso tenhas um tema pessoal para constelar e sintas em faz\u00ea-lo neste dia, por favor d\u00e1 uma resposta imediata a este mesmo email (darei prioridade pela ordem de respostas recebidas).<br><br>O almo\u00e7o, tal como no \u00faltimo retiro recentemente orientado, ser\u00e1 dado pelas m\u00e3os e alma da In\u00eas, que enquadra a nossa alimenta\u00e7\u00e3o com base no trabalho que est\u00e1 a ser feito ao longo do retiro. Ser\u00e1 composto por sopa, prato e sobremesa essencialmente vegetariano.<br><br>No final do retiro, e ap\u00f3s o trabalho naturalmente intenso das constela\u00e7\u00f5es de grupo, iremos ter a maravilhosa oportunidade de reequilibrar, harmonizar e integrar o dia com um\u00a0<strong>Concerto de Ta\u00e7as Tibetanas<\/strong>\u00a0dado pelo Bruno Teixeira.<br><br><strong>VALOR TOTAL: 110\u20ac<\/strong><br><strong>INSCRI\u00c7\u00c3O para\u00a0<a href=\"mailto:joanadiz@gmail.com\" target=\"_blank\" rel=\"noreferrer noopener\">joanadiz@gmail.com<\/a><\/strong><br><strong>pagamento pode ser feito por mbway para o meu contacto 933239303<\/strong><br><br><br>Quem vier de longe, pode pedir alojamento no mesmo local &#8211; Moinho do Maneio. Pe\u00e7o apenas que me informem antecipadamente.<\/td><\/tr><\/tbody><\/table><\/figure>\n","protected":false},"excerpt":{"rendered":"<p>RETIRO CONSTELA\u00c7\u00d5ES SIST\u00c9MICAS + CONCERTO TA\u00c7AS TIBETANAS16 DE MAIO 10H &#8211; 19hPENAMACOR Aproxima-se mais um novo retiro, no Moinho do Maneio em Penamacor, com enfoque especial nas\u00a0constela\u00e7\u00f5es sist\u00e9micas familiares.\u00a0Teremos tamb\u00e9m dois pilares de sustenta\u00e7\u00e3o muito importantes neste dia &#8211; a\u00a0alimenta\u00e7\u00e3o hol\u00edstica e o concerto de ta\u00e7as tibetanas. As Constela\u00e7\u00f5es Sist\u00e9micas Familiares \u00e9 uma abordagem que <a class=\"read-more\" href=\"https:\/\/joanadiz.com\/?page_id=120\">Read More<\/a><\/p>\n","protected":false},"author":1,"featured_media":0,"parent":0,"menu_order":0,"comment_status":"closed","ping_status":"closed","template":"","meta":{"footnotes":""},"class_list":["post-120","page","type-page","status-publish","hentry"],"_links":{"self":[{"href":"https:\/\/joanadiz.com\/index.php?rest_route=\/wp\/v2\/pages\/120","targetHints":{"allow":["GET"]}}],"collection":[{"href":"https:\/\/joanadiz.com\/index.php?rest_route=\/wp\/v2\/pages"}],"about":[{"href":"https:\/\/joanadiz.com\/index.php?rest_route=\/wp\/v2\/types\/page"}],"author":[{"embeddable":true,"href":"https:\/\/joanadiz.com\/index.php?rest_route=\/wp\/v2\/users\/1"}],"replies":[{"embeddable":true,"href":"https:\/\/joanadiz.com\/index.php?rest_route=%2Fwp%2Fv2%2Fcomments&post=120"}],"version-history":[{"count":4,"href":"https:\/\/joanadiz.com\/index.php?rest_route=\/wp\/v2\/pages\/120\/revisions"}],"predecessor-version":[{"id":137,"href":"https:\/\/joanadiz.com\/index.php?rest_route=\/wp\/v2\/pages\/120\/revisions\/137"}],"wp:attachment":[{"href":"https:\/\/joanadiz.com\/index.php?rest_route=%2Fwp%2Fv2%2Fmedia&parent=120"}],"curies":[{"name":"wp","href":"https:\/\/api.w.org\/{rel}","templated":true}]}}