{"id":124,"date":"2026-04-06T14:17:58","date_gmt":"2026-04-06T14:17:58","guid":{"rendered":"http:\/\/joanadiz.com\/?page_id=124"},"modified":"2026-04-13T12:46:49","modified_gmt":"2026-04-13T12:46:49","slug":"astrologia-maya-ancestral","status":"publish","type":"page","link":"https:\/\/joanadiz.com\/?page_id=124","title":{"rendered":"Astrologia Maya Ancestral"},"content":{"rendered":"\n<p>A sabedoria Maya leva-nos a uma profunda conex\u00e3o com a Terra, o Cosmos, os Seres da Natureza, as Leis Naturais que regem o Todo. Quando vivemos o seu calend\u00e1rio no nosso quotidiano, sentimos um maior alinhamento e equil\u00edbrio internos e para com a Vida.<\/p>\n\n\n\n<p>O calend\u00e1rio Maya &#8211; Tzolkin &#8211; \u00e9 composto por 260 dias no ano, tendo 20 sabedorias que atravessam ciclos de 13 dias ao longo de todo o ano. Cada sabedoria e cada n\u00famero t\u00eam um significado espec\u00edfico. <\/p>\n\n\n\n<p><strong>Todos os Mapas de Astrologia Maya s\u00e3o realizados com base nos dados pessoais de nascimento da pessoa e no calend\u00e1rio Tzolkin. S\u00e3o entregues por grava\u00e7\u00e3o e respetiva imagem do mapa via email.<\/strong><\/p>\n\n\n\n<p>Seguem os mapas\/ estudos que podes solicitar e receber como uma ferramenta preciosa no teu caminho de Vida:<\/p>\n\n\n\n<p><\/p>\n\n\n\n<p><strong>MAPA VIDA<\/strong><\/p>\n\n\n\n<p>Mapa v\u00e1lido para toda a tua vida. Se pretendes receber um mapa pela primeira vez, este \u00e9 o aconselhado. Na tradi\u00e7\u00e3o Maya, este era o mapa feito aquando o nascimento de um b\u00e9b\u00e9, para que os seus pais\/ educadores lhe pudessem proporcionar uma educa\u00e7\u00e3o e desenvolvimento adequados ao seu caminho de alma.<\/p>\n\n\n\n<p>O que recebes neste mapa?<\/p>\n\n\n\n<p>Ess\u00eancia de vida &#8211; a &#8220;impress\u00e3o digital da tua alma&#8221;, aquela sabedoria que te representa e a dever\u00e1s viver no teu dia-a-dia;<\/p>\n\n\n\n<p>Guia\/ Guardi\u00e3o &#8211; a sabedoria que trazes de vidas passadas e vem nesta vida para te apoiar, ajudar;<\/p>\n\n\n\n<p>Aprendizagem &#8211; a sabedoria que vens aprender, aprofundar no teu caminho<\/p>\n\n\n\n<p>Heran\u00e7a Masculina &#8211; o que herdaste da tua linhagem paterna e representa o teu masculino;<\/p>\n\n\n\n<p>Heran\u00e7a Feminia &#8211; o que herdaste da tua linhagem materna e representa o teu lado feminino;<\/p>\n\n\n\n<p>Prop\u00f3sito de vida &#8211; a tua principal miss\u00e3o de vida, dire\u00e7\u00e3o e desenvolvimento;<\/p>\n\n\n\n<p>Desfio de vida &#8211; o teu principal bloqueio, a sabedoria que poder\u00e1s ter maior dificuldade em viver na sua luz;<\/p>\n\n\n\n<p><\/p>\n\n\n\n<p><strong>MAPA SERPENTE DA VIDA<\/strong><\/p>\n\n\n\n<p>Mapa mais completo que rege o teu primeiro ciclo de vida at\u00e9 aos 52 anos de idade, considerado o ciclo c\u00e1rmico. A partir desta idade, entras no ciclo do dharma onde todas as sabedorias do ciclo anterior c\u00e1rmico se repetem, como uma segunda oportunidade para as viveres de uma forma mais consciente, madura e integrada.<\/p>\n\n\n\n<p>Este mapa \u00e9 como uma viagem no tempo, em que v\u00e3o ser abordadas todas as sabedorias do teu ciclo c\u00e1rmico de vida, desde o dia do teu nascimento at\u00e9 perfazeres os 52 anos. As sabedorias mudam de 4 em 4 anos. <\/p>\n\n\n\n<p>Todas aquelas que j\u00e1 viveste no teu passado ser\u00e3o como um revisitar com uma nova vis\u00e3o e entendimento; a sabedoria que vives no teu ciclo atual d\u00e1-te a oportunidade de olhar ao teu presente com uma nova consci\u00eancia; e as sabedorias que te aguardam no futuro permitem criar condi\u00e7\u00f5es para te preparares e as integrares no teu plano de vida. <\/p>\n\n\n\n<p><\/p>\n\n\n\n<p><strong>MAPA VIDAS PASSADAS<\/strong><\/p>\n\n\n\n<p>Mapa que aborda a tua \u00faltima exist\u00eancia com a atual. Ao estabelecer a ponte entre a tua vida passada e a tua vida presente, poder\u00e1s consciencializar o que j\u00e1 foi trabalhado e integrado no passado e o que ainda trazes como desafio e aprendizagem. A import\u00e2ncia de olhares aos teus m\u00e9ritos e sombras do passado para teres a oportunidade de transmutar.<\/p>\n\n\n\n<p><\/p>\n\n\n\n<p><strong>MAPA ANUAL<\/strong><\/p>\n\n\n\n<p>Mapa v\u00e1lido para 1 ano, na mudan\u00e7a de ciclo no dia de anivers\u00e1rio. \u00c9 aconselhado a ser feito na altura da nossa data de nascimento.<\/p>\n\n\n\n<p>O que recebes neste mapa?<\/p>\n\n\n\n<p>Tema do ano &#8211; a sabedoria principal e que ir\u00e1 estar sempre presente ao longo do ano, sendo mais forte na segunda parte do ano (do 4\u00ba ao 8\u00ba m\u00eas);<\/p>\n\n\n\n<p>Miss\u00e3o anual &#8211; o principal prop\u00f3sito do ano<\/p>\n\n\n\n<p>Desafio anual &#8211; o principal bloqueio, maior dificuldade do ano<\/p>\n\n\n\n<p>Ferramentas de apoio &#8211; as sabedorias que ir\u00e3o ajudar ao longo do ano<\/p>\n\n\n\n<p>Ciclos do ano &#8211; as tr\u00eas sabedorias que regem cada 4 meses do ano;<\/p>\n\n\n\n<p><\/p>\n\n\n\n<p><strong>MAPA SOLAR<\/strong><\/p>\n\n\n\n<p>Mapa direcionado para homens, representativo da sua energia solar\/ masculina<\/p>\n\n\n\n<p><\/p>\n\n\n\n<p><strong>MAPA LUNAR<\/strong><\/p>\n\n\n\n<p>Mapa direcionado para mulheres, representativo da sua energia lunar\/ feminina<\/p>\n\n\n\n<p><\/p>\n\n\n\n<p><strong>MAPA RELACIONAMENTOS AMOROSOS<\/strong><\/p>\n\n\n\n<p>Estudo que rege ambos os mapas de vida e serpente de vida do casal. S\u00e3o transmitidas todas as sabedorias que trazem em comum, como prop\u00f3sito e aprendizagem m\u00fatuos; assim como as sabedorias representativas de poss\u00edveis desafios\/ obst\u00e1culos.<\/p>\n\n\n\n<p><\/p>\n","protected":false},"excerpt":{"rendered":"<p>A sabedoria Maya leva-nos a uma profunda conex\u00e3o com a Terra, o Cosmos, os Seres da Natureza, as Leis Naturais que regem o Todo. Quando vivemos o seu calend\u00e1rio no nosso quotidiano, sentimos um maior alinhamento e equil\u00edbrio internos e para com a Vida. O calend\u00e1rio Maya &#8211; Tzolkin &#8211; \u00e9 composto por 260 dias <a class=\"read-more\" href=\"https:\/\/joanadiz.com\/?page_id=124\">Read More<\/a><\/p>\n","protected":false},"author":1,"featured_media":0,"parent":0,"menu_order":0,"comment_status":"closed","ping_status":"closed","template":"","meta":{"footnotes":""},"class_list":["post-124","page","type-page","status-publish","hentry"],"_links":{"self":[{"href":"https:\/\/joanadiz.com\/index.php?rest_route=\/wp\/v2\/pages\/124","targetHints":{"allow":["GET"]}}],"collection":[{"href":"https:\/\/joanadiz.com\/index.php?rest_route=\/wp\/v2\/pages"}],"about":[{"href":"https:\/\/joanadiz.com\/index.php?rest_route=\/wp\/v2\/types\/page"}],"author":[{"embeddable":true,"href":"https:\/\/joanadiz.com\/index.php?rest_route=\/wp\/v2\/users\/1"}],"replies":[{"embeddable":true,"href":"https:\/\/joanadiz.com\/index.php?rest_route=%2Fwp%2Fv2%2Fcomments&post=124"}],"version-history":[{"count":5,"href":"https:\/\/joanadiz.com\/index.php?rest_route=\/wp\/v2\/pages\/124\/revisions"}],"predecessor-version":[{"id":132,"href":"https:\/\/joanadiz.com\/index.php?rest_route=\/wp\/v2\/pages\/124\/revisions\/132"}],"wp:attachment":[{"href":"https:\/\/joanadiz.com\/index.php?rest_route=%2Fwp%2Fv2%2Fmedia&parent=124"}],"curies":[{"name":"wp","href":"https:\/\/api.w.org\/{rel}","templated":true}]}}