{"id":90,"date":"2026-04-06T13:21:28","date_gmt":"2026-04-06T13:21:28","guid":{"rendered":"http:\/\/joanadiz.com\/?page_id=90"},"modified":"2026-04-06T13:34:00","modified_gmt":"2026-04-06T13:34:00","slug":"90-2","status":"publish","type":"page","link":"https:\/\/joanadiz.com\/","title":{"rendered":""},"content":{"rendered":"\n<p class=\"has-text-align-center\">Desde cedo senti um forte apelo em servir a humanidade, despertar consci\u00eancias e manifestar-me pela linguagem simples e pura do Amor.<\/p>\n\n\n\n<p class=\"has-text-align-center\">Licenciei-me em Psicologia Cl\u00ednica na minha cidade ra\u00edz Porto, mas a minha alma pedia outros saberes e aprendizagens que n\u00e3o cabiam no que me era imposto.<\/p>\n\n\n\n<p class=\"has-text-align-center\">O Reiki foi a minha primeira porta de entrada, onde fui terapeuta e lecionei cursos. Estudei e trabalhei na abordagem qu\u00e2ntica, assim como conheci a Academia Internacional da Consci\u00eancia com grande enfoque na investiga\u00e7\u00e3o e estudo entre a ci\u00eancia e espiritualidade.<\/p>\n\n\n\n<p class=\"has-text-align-center\">A abordagem integrativa da psicologia e espiritualidade sempre ressoou no meu cora\u00e7\u00e3o. &nbsp; &nbsp;<\/p>\n\n\n\n<p class=\"has-text-align-center\">Mais tarde, a pr\u00e1tica da Medita\u00e7\u00e3o Mindfulness e o despertar do Empoderamento Feminino surgiram no meu caminho, trazendo-me mais uma grande transforma\u00e7\u00e3o interna. O meu interesse pelo Movimento Consciente e a Arte Terapia s\u00e3o os meus lugares de expans\u00e3o e alegria.<\/p>\n\n\n\n<p class=\"has-text-align-center\">Gosto do movimento e da mudan\u00e7a, de sentir o entusiasmo do novo, tal como uma eterna aprendiz.<\/p>\n\n\n\n<p class=\"has-text-align-center\">Esta for\u00e7a e apelo para Ser cada vez mais em Exemplo, cumprindo com o meu prop\u00f3sito a cada dia que passa, continua dentro de mim e em crescendo. Cada vez mais me dispo de r\u00f3tulos, cada vez mais confio no meu Sentir e cada vez mais sinto como Verdadeiro as minhas experi\u00eancias de Vida.<\/p>\n\n\n\n<p class=\"has-text-align-center\">Aqui est\u00e1 a minha verdade experienciada\u2026.<\/p>\n\n\n\n<p class=\"has-text-align-center\">\u2026seguindo sempre o que o meu cora\u00e7\u00e3o me dita e entrando nesta dan\u00e7a maravilhosa e impermanente que \u00e9 a Vida.<\/p>\n\n\n\n<div style=\"height:46px\" aria-hidden=\"true\" class=\"wp-block-spacer\"><\/div>\n\n\n<div class=\"wp-block-image\">\n<figure class=\"aligncenter size-full is-resized\"><img loading=\"lazy\" decoding=\"async\" width=\"959\" height=\"960\" src=\"http:\/\/joanadiz.com\/wp-content\/uploads\/2026\/04\/366292199_828812502235933_8563063221331461282_n-1.jpg\" alt=\"\" class=\"wp-image-97\" style=\"aspect-ratio:0.9989594172736732;width:164px;height:auto\" srcset=\"https:\/\/joanadiz.com\/wp-content\/uploads\/2026\/04\/366292199_828812502235933_8563063221331461282_n-1.jpg 959w, https:\/\/joanadiz.com\/wp-content\/uploads\/2026\/04\/366292199_828812502235933_8563063221331461282_n-1-300x300.jpg 300w, https:\/\/joanadiz.com\/wp-content\/uploads\/2026\/04\/366292199_828812502235933_8563063221331461282_n-1-150x150.jpg 150w, https:\/\/joanadiz.com\/wp-content\/uploads\/2026\/04\/366292199_828812502235933_8563063221331461282_n-1-768x769.jpg 768w\" sizes=\"auto, (max-width: 959px) 100vw, 959px\" \/><\/figure>\n<\/div>\n\n\n<p><\/p>\n","protected":false},"excerpt":{"rendered":"<p>Desde cedo senti um forte apelo em servir a humanidade, despertar consci\u00eancias e manifestar-me pela linguagem simples e pura do Amor. Licenciei-me em Psicologia Cl\u00ednica na minha cidade ra\u00edz Porto, mas a minha alma pedia outros saberes e aprendizagens que n\u00e3o cabiam no que me era imposto. O Reiki foi a minha primeira porta de <a class=\"read-more\" href=\"https:\/\/joanadiz.com\/\">Read More<\/a><\/p>\n","protected":false},"author":1,"featured_media":0,"parent":0,"menu_order":0,"comment_status":"closed","ping_status":"closed","template":"","meta":{"footnotes":""},"class_list":["post-90","page","type-page","status-publish","hentry"],"_links":{"self":[{"href":"https:\/\/joanadiz.com\/index.php?rest_route=\/wp\/v2\/pages\/90","targetHints":{"allow":["GET"]}}],"collection":[{"href":"https:\/\/joanadiz.com\/index.php?rest_route=\/wp\/v2\/pages"}],"about":[{"href":"https:\/\/joanadiz.com\/index.php?rest_route=\/wp\/v2\/types\/page"}],"author":[{"embeddable":true,"href":"https:\/\/joanadiz.com\/index.php?rest_route=\/wp\/v2\/users\/1"}],"replies":[{"embeddable":true,"href":"https:\/\/joanadiz.com\/index.php?rest_route=%2Fwp%2Fv2%2Fcomments&post=90"}],"version-history":[{"count":2,"href":"https:\/\/joanadiz.com\/index.php?rest_route=\/wp\/v2\/pages\/90\/revisions"}],"predecessor-version":[{"id":98,"href":"https:\/\/joanadiz.com\/index.php?rest_route=\/wp\/v2\/pages\/90\/revisions\/98"}],"wp:attachment":[{"href":"https:\/\/joanadiz.com\/index.php?rest_route=%2Fwp%2Fv2%2Fmedia&parent=90"}],"curies":[{"name":"wp","href":"https:\/\/api.w.org\/{rel}","templated":true}]}}